{"id":3210,"date":"2026-01-26T15:48:27","date_gmt":"2026-01-26T14:48:27","guid":{"rendered":"https:\/\/fam-home.com\/home-cz\/"},"modified":"2026-01-28T17:07:51","modified_gmt":"2026-01-28T16:07:51","slug":"home-cz","status":"publish","type":"page","link":"https:\/\/fam-home.com\/en\/","title":{"rendered":"HOME CZ"},"content":{"rendered":"\n<div class=\"wp-block-group alignfull has-global-padding is-layout-constrained wp-container-core-group-is-layout-8708558f wp-block-group-is-layout-constrained\" style=\"margin-top:var(--wp--preset--spacing--small);margin-bottom:var(--wp--preset--spacing--small);padding-right:var(--wp--preset--spacing--x-small);padding-left:var(--wp--preset--spacing--x-small)\">\n<div class=\"wp-block-cover has-custom-content-position is-position-top-center\" style=\"border-radius:20px;margin-top:0;margin-bottom:0;padding-top:0;padding-right:0;padding-bottom:0;padding-left:0;min-height:513px;aspect-ratio:unset;\"><img loading=\"lazy\" decoding=\"async\" width=\"2548\" height=\"2560\" class=\"wp-block-cover__image-background wp-image-800 size-full\" alt=\"\" src=\"https:\/\/fam-home.com\/wp-content\/uploads\/2023\/01\/Byt-14-scaled.jpg\" data-object-fit=\"cover\" srcset=\"https:\/\/fam-home.com\/wp-content\/uploads\/2023\/01\/Byt-14-scaled.jpg 2548w, https:\/\/fam-home.com\/wp-content\/uploads\/2023\/01\/Byt-14-scaled-100x100.jpg 100w, https:\/\/fam-home.com\/wp-content\/uploads\/2023\/01\/Byt-14-scaled-600x603.jpg 600w, https:\/\/fam-home.com\/wp-content\/uploads\/2023\/01\/Byt-14-300x300.jpg 300w, https:\/\/fam-home.com\/wp-content\/uploads\/2023\/01\/Byt-14-1019x1024.jpg 1019w, https:\/\/fam-home.com\/wp-content\/uploads\/2023\/01\/Byt-14-150x150.jpg 150w, https:\/\/fam-home.com\/wp-content\/uploads\/2023\/01\/Byt-14-768x772.jpg 768w, https:\/\/fam-home.com\/wp-content\/uploads\/2023\/01\/Byt-14-1529x1536.jpg 1529w, https:\/\/fam-home.com\/wp-content\/uploads\/2023\/01\/Byt-14-2038x2048.jpg 2038w\" sizes=\"auto, (max-width: 2548px) 100vw, 2548px\" \/><span aria-hidden=\"true\" class=\"wp-block-cover__background has-primary-background-color has-background-dim-20 has-background-dim\"><\/span><div class=\"wp-block-cover__inner-container has-global-padding is-layout-constrained wp-container-core-cover-is-layout-481dc8fc wp-block-cover-is-layout-constrained\">\n<div class=\"wp-block-group has-global-padding is-layout-constrained wp-container-core-group-is-layout-eadc5412 wp-block-group-is-layout-constrained\" style=\"margin-top:70px\">\n<h2 class=\"wp-block-heading has-text-align-center has-surface-color has-text-color has-link-color has-jost-font-family wp-elements-70cb94883beb0724a9d4c02e3177afaf\" style=\"font-size:24px;font-style:normal;font-weight:500;letter-spacing:0px\">F&amp;M HOME APARTMENT <\/h2>\n\n\n\n<h2 class=\"wp-block-heading has-text-align-center has-surface-color has-text-color has-link-color has-jost-font-family has-xxxx-large-font-size wp-elements-e5d1cc5f0790f840d07161fe16457c41\" style=\"font-style:normal;font-weight:700\">HURGHADA<\/h2>\n\n\n\n<div class=\"wp-block-group is-content-justification-center is-nowrap is-layout-flex wp-container-core-group-is-layout-49f5674e wp-block-group-is-layout-flex\">\n<h2 class=\"wp-block-heading has-surface-color has-text-color has-link-color has-jost-font-family has-medium-font-size wp-elements-43814cddd052d58da33c2c5724a526d3\" style=\"font-style:normal;font-weight:400;letter-spacing:0px\">PRICES FROM<\/h2>\n\n\n\n<h2 class=\"wp-block-heading has-surface-color has-text-color has-link-color has-jost-font-family has-medium-font-size wp-elements-c1b0b7b9220290c551f5c6f4cd96573f\" style=\"font-style:normal;font-weight:400;letter-spacing:0px\">$20 FOR THE NIGHT<\/h2>\n<\/div>\n<\/div>\n\n\n\n<div class=\"wp-block-buttons is-content-justification-center is-layout-flex wp-container-core-buttons-is-layout-224a1187 wp-block-buttons-is-layout-flex\" style=\"margin-top:var(--wp--preset--spacing--small)\">\n<div class=\"wp-block-button\"><a class=\"wp-block-button__link has-jost-font-family has-small-font-size has-text-align-left has-custom-font-size wp-element-button\" href=\"https:\/\/fam-home.com\/en\/reservation\/\" style=\"border-radius:10px;padding-top:var(--wp--preset--spacing--x-small);padding-right:30px;padding-bottom:var(--wp--preset--spacing--x-small);padding-left:30px;font-style:normal;font-weight:400\">RESERVATION<\/a><\/div>\n<\/div>\n<\/div><\/div>\n<\/div>\n\n<div class=\"wp-block-group alignfull has-global-padding is-layout-constrained wp-container-core-group-is-layout-66ac4e44 wp-block-group-is-layout-constrained\" style=\"margin-top:0;margin-bottom:var(--wp--preset--spacing--xx-large);padding-right:var(--wp--preset--spacing--x-small);padding-left:var(--wp--preset--spacing--x-small)\">\n<div class=\"wp-block-columns animated animated-fadeInUp is-layout-flex wp-container-core-columns-is-layout-5622a8db wp-block-columns-is-layout-flex\" style=\"margin-top:0;margin-bottom:0;padding-top:0;padding-right:0;padding-bottom:0;padding-left:0\">\n<div class=\"wp-block-column is-vertically-aligned-center is-layout-flow wp-block-column-is-layout-flow\" style=\"flex-basis:55%\">\n<h2 class=\"wp-block-heading has-text-align-left\" style=\"margin-bottom:var(--wp--preset--spacing--x-small);letter-spacing:-0.03em;line-height:1.1\">Modern apartment 300m from the beach in the heart of Hurghada<\/h2>\n\n\n\n<p style=\"margin-bottom:var(--wp--preset--spacing--medium)\">Comfortable air-conditioned apartment with a bedroom, living room and fully equipped kitchen. Ide\u00e1ln\u00ed pro p\u00e1ry i s\u00f3lo cestovatele, jen p\u00e1r krok\u016f od Orange Beach, mariny a centra Hurghady. Comfortable air-conditioned apartment with a bedroom, living room and fully equipped kitchen.<\/p>\n\n\n\n<div class=\"wp-block-buttons is-content-justification-left is-layout-flex wp-container-core-buttons-is-layout-fc4fd283 wp-block-buttons-is-layout-flex\">\n<div class=\"wp-block-button is-style-fill\"><a class=\"wp-block-button__link has-text-align-left wp-element-button\" href=\"https:\/\/fam-home.com\/en\/reservation\/\" style=\"border-radius:6px;padding-top:16px;padding-right:20px;padding-bottom:16px;padding-left:20px\">RESERVATION<\/a><\/div>\n\n\n\n<div class=\"wp-block-button is-style-fill\"><a class=\"wp-block-button__link has-border-color has-primary-border-color wp-element-button\" href=\"mailto: info@fam-home.com\" style=\"border-width:2px;border-radius:6px;padding-top:14px;padding-right:20px;padding-bottom:14px;padding-left:20px\">WRITE TO US<\/a><\/div>\n<\/div>\n<\/div>\n\n\n\n<div class=\"wp-block-column is-vertically-aligned-center is-layout-flow wp-block-column-is-layout-flow\" style=\"padding-top:var(--wp--preset--spacing--x-small);padding-bottom:var(--wp--preset--spacing--x-small);flex-basis:45%\">\n<div class=\"wp-block-columns is-layout-flex wp-container-core-columns-is-layout-d7d455e7 wp-block-columns-is-layout-flex\" style=\"padding-top:0;padding-right:0;padding-bottom:0;padding-left:0\">\n<div class=\"wp-block-column is-layout-flow wp-block-column-is-layout-flow\" style=\"flex-basis:50%\">\n<div class=\"wp-block-columns is-style-bk-box-shadow has-accent-text-background-color has-background is-layout-flex wp-container-core-columns-is-layout-d606883c wp-block-columns-is-layout-flex\" style=\"border-radius:5px;padding-top:var(--wp--preset--spacing--small);padding-right:var(--wp--preset--spacing--medium);padding-bottom:var(--wp--preset--spacing--small);padding-left:var(--wp--preset--spacing--medium)\">\n<div class=\"wp-block-column is-layout-flow wp-container-core-column-is-layout-b15f4bf2 wp-block-column-is-layout-flow\">\n<h2 class=\"wp-block-heading has-text-align-center has-primary-color\" style=\"letter-spacing:-3px\">300m<\/h2>\n\n\n\n<p class=\"has-text-align-center\" style=\"line-height:1.2\">To the beach Orange Beach<\/p>\n<\/div>\n<\/div>\n<\/div>\n\n\n\n<div class=\"wp-block-column is-layout-flow wp-block-column-is-layout-flow\" style=\"flex-basis:50%\">\n<div class=\"wp-block-columns is-style-bk-box-shadow has-accent-text-background-color has-background is-layout-flex wp-container-core-columns-is-layout-d606883c wp-block-columns-is-layout-flex\" style=\"border-radius:5px;padding-top:var(--wp--preset--spacing--small);padding-right:var(--wp--preset--spacing--medium);padding-bottom:var(--wp--preset--spacing--small);padding-left:var(--wp--preset--spacing--medium)\">\n<div class=\"wp-block-column is-layout-flow wp-container-core-column-is-layout-b15f4bf2 wp-block-column-is-layout-flow\">\n<h2 class=\"wp-block-heading has-text-align-center has-primary-color\" style=\"letter-spacing:-3px\">50m2<\/h2>\n\n\n\n<p class=\"has-text-align-center\" style=\"line-height:1.2\"> private apartment<\/p>\n<\/div>\n<\/div>\n<\/div>\n<\/div>\n\n\n\n<div class=\"wp-block-columns is-layout-flex wp-container-core-columns-is-layout-d7d455e7 wp-block-columns-is-layout-flex\" style=\"padding-top:0;padding-right:0;padding-bottom:0;padding-left:0\">\n<div class=\"wp-block-column is-layout-flow wp-block-column-is-layout-flow\" style=\"flex-basis:50%\">\n<div class=\"wp-block-columns is-style-bk-box-shadow has-accent-text-background-color has-background is-layout-flex wp-container-core-columns-is-layout-d606883c wp-block-columns-is-layout-flex\" style=\"border-radius:5px;padding-top:var(--wp--preset--spacing--small);padding-right:var(--wp--preset--spacing--medium);padding-bottom:var(--wp--preset--spacing--small);padding-left:var(--wp--preset--spacing--medium)\">\n<div class=\"wp-block-column is-layout-flow wp-container-core-column-is-layout-b15f4bf2 wp-block-column-is-layout-flow\">\n<h2 class=\"wp-block-heading has-text-align-center has-primary-color\" style=\"letter-spacing:-3px\">9,6+<\/h2>\n\n\n\n<p class=\"has-text-align-center\" style=\"line-height:1.2\">guest rating cleanliness, comfort and location<\/p>\n<\/div>\n<\/div>\n<\/div>\n\n\n\n<div class=\"wp-block-column is-layout-flow wp-block-column-is-layout-flow\" style=\"flex-basis:50%\">\n<div class=\"wp-block-columns is-style-bk-box-shadow has-accent-text-background-color has-background is-layout-flex wp-container-core-columns-is-layout-d606883c wp-block-columns-is-layout-flex\" style=\"border-radius:5px;padding-top:var(--wp--preset--spacing--small);padding-right:var(--wp--preset--spacing--medium);padding-bottom:var(--wp--preset--spacing--small);padding-left:var(--wp--preset--spacing--medium)\">\n<div class=\"wp-block-column is-layout-flow wp-container-core-column-is-layout-b15f4bf2 wp-block-column-is-layout-flow\">\n<h2 class=\"wp-block-heading has-text-align-center has-primary-color\" style=\"letter-spacing:-3px\">50m <\/h2>\n\n\n\n<p class=\"has-text-align-center\" style=\"line-height:1.2\">shops, restaurants, bars and nightlife<\/p>\n<\/div>\n<\/div>\n<\/div>\n<\/div>\n<\/div>\n<\/div>\n<\/div>\n\n<div class=\"wp-block-group alignfull has-global-padding is-layout-constrained wp-container-core-group-is-layout-b5aaffd2 wp-block-group-is-layout-constrained\" style=\"padding-top:var(--wp--preset--spacing--x-small);padding-right:var(--wp--preset--spacing--x-small);padding-bottom:var(--wp--preset--spacing--large);padding-left:var(--wp--preset--spacing--x-small)\">\n<div class=\"wp-block-media-text is-stacked-on-mobile has-border-color has-accent-border-color\" style=\"border-width:5px;border-top-left-radius:10px;border-top-right-radius:10px;border-bottom-left-radius:10px;border-bottom-right-radius:10px;grid-template-columns:40% auto\"><figure class=\"wp-block-media-text__media\"><video controls src=\"https:\/\/fam-home.com\/wp-content\/uploads\/2023\/01\/D011D045-E6AC-4217-88FC-C67C4DB06ADC.mov\"><\/video><\/figure><div class=\"wp-block-media-text__content\">\n<figure class=\"wp-block-gallery has-nested-images columns-1 is-cropped wp-block-gallery-1 is-layout-flex wp-block-gallery-is-layout-flex\" style=\"border-style:none;border-width:0px;border-top-left-radius:0px;border-top-right-radius:0px;border-bottom-left-radius:0px;border-bottom-right-radius:0px\">\n<figure class=\"wp-block-image size-large has-custom-border\"><img loading=\"lazy\" decoding=\"async\" width=\"1024\" height=\"683\" data-id=\"797\" src=\"https:\/\/fam-home.com\/wp-content\/uploads\/2023\/01\/Byt-1a-1024x683.jpg\" alt=\"\" class=\"wp-image-797\" style=\"border-top-left-radius:10px;border-top-right-radius:10px;border-bottom-left-radius:10px;border-bottom-right-radius:10px\" srcset=\"https:\/\/fam-home.com\/wp-content\/uploads\/2023\/01\/Byt-1a-1024x683.jpg 1024w, https:\/\/fam-home.com\/wp-content\/uploads\/2023\/01\/Byt-1a-scaled-600x400.jpg 600w, https:\/\/fam-home.com\/wp-content\/uploads\/2023\/01\/Byt-1a-300x200.jpg 300w, https:\/\/fam-home.com\/wp-content\/uploads\/2023\/01\/Byt-1a-768x512.jpg 768w, https:\/\/fam-home.com\/wp-content\/uploads\/2023\/01\/Byt-1a-1536x1024.jpg 1536w, https:\/\/fam-home.com\/wp-content\/uploads\/2023\/01\/Byt-1a-2048x1365.jpg 2048w\" sizes=\"auto, (max-width: 1024px) 100vw, 1024px\" \/><\/figure>\n\n\n\n<figure class=\"wp-block-image size-large has-custom-border\"><img loading=\"lazy\" decoding=\"async\" width=\"1024\" height=\"683\" data-id=\"812\" src=\"https:\/\/fam-home.com\/wp-content\/uploads\/2023\/01\/Byt-24-1024x683.jpg\" alt=\"\" class=\"wp-image-812\" style=\"border-top-left-radius:10px;border-top-right-radius:10px;border-bottom-left-radius:10px;border-bottom-right-radius:10px\" srcset=\"https:\/\/fam-home.com\/wp-content\/uploads\/2023\/01\/Byt-24-1024x683.jpg 1024w, https:\/\/fam-home.com\/wp-content\/uploads\/2023\/01\/Byt-24-scaled-600x400.jpg 600w, https:\/\/fam-home.com\/wp-content\/uploads\/2023\/01\/Byt-24-300x200.jpg 300w, https:\/\/fam-home.com\/wp-content\/uploads\/2023\/01\/Byt-24-768x512.jpg 768w, https:\/\/fam-home.com\/wp-content\/uploads\/2023\/01\/Byt-24-1536x1024.jpg 1536w, https:\/\/fam-home.com\/wp-content\/uploads\/2023\/01\/Byt-24-2048x1365.jpg 2048w\" sizes=\"auto, (max-width: 1024px) 100vw, 1024px\" \/><\/figure>\n<\/figure>\n<\/div><\/div>\n<\/div>\n\n<figure class=\"wp-block-gallery has-nested-images columns-default is-cropped has-border-color has-accent-border-color wp-block-gallery-2 is-layout-flex wp-block-gallery-is-layout-flex\" style=\"border-width:5px;border-top-left-radius:10px;border-top-right-radius:10px;border-bottom-left-radius:10px;border-bottom-right-radius:10px\">\n<figure class=\"wp-block-image size-large\"><img loading=\"lazy\" decoding=\"async\" width=\"1024\" height=\"683\" data-id=\"807\" src=\"https:\/\/fam-home.com\/wp-content\/uploads\/2023\/01\/Byt-18-1024x683.jpg\" alt=\"\" class=\"wp-image-807\" srcset=\"https:\/\/fam-home.com\/wp-content\/uploads\/2023\/01\/Byt-18-1024x683.jpg 1024w, https:\/\/fam-home.com\/wp-content\/uploads\/2023\/01\/Byt-18-scaled-600x400.jpg 600w, https:\/\/fam-home.com\/wp-content\/uploads\/2023\/01\/Byt-18-300x200.jpg 300w, https:\/\/fam-home.com\/wp-content\/uploads\/2023\/01\/Byt-18-768x512.jpg 768w, https:\/\/fam-home.com\/wp-content\/uploads\/2023\/01\/Byt-18-1536x1024.jpg 1536w, https:\/\/fam-home.com\/wp-content\/uploads\/2023\/01\/Byt-18-2048x1365.jpg 2048w\" sizes=\"auto, (max-width: 1024px) 100vw, 1024px\" \/><\/figure>\n\n\n\n<figure class=\"wp-block-image size-large\"><img loading=\"lazy\" decoding=\"async\" width=\"1024\" height=\"683\" data-id=\"799\" src=\"https:\/\/fam-home.com\/wp-content\/uploads\/2023\/01\/Byt-9-1024x683.jpg\" alt=\"\" class=\"wp-image-799\" srcset=\"https:\/\/fam-home.com\/wp-content\/uploads\/2023\/01\/Byt-9-1024x683.jpg 1024w, https:\/\/fam-home.com\/wp-content\/uploads\/2023\/01\/Byt-9-scaled-600x400.jpg 600w, https:\/\/fam-home.com\/wp-content\/uploads\/2023\/01\/Byt-9-300x200.jpg 300w, https:\/\/fam-home.com\/wp-content\/uploads\/2023\/01\/Byt-9-768x512.jpg 768w, https:\/\/fam-home.com\/wp-content\/uploads\/2023\/01\/Byt-9-1536x1024.jpg 1536w, https:\/\/fam-home.com\/wp-content\/uploads\/2023\/01\/Byt-9-2048x1365.jpg 2048w\" sizes=\"auto, (max-width: 1024px) 100vw, 1024px\" \/><\/figure>\n\n\n\n<figure class=\"wp-block-image size-large\"><img loading=\"lazy\" decoding=\"async\" width=\"1024\" height=\"683\" data-id=\"803\" src=\"https:\/\/fam-home.com\/wp-content\/uploads\/2023\/01\/Byt-12-1024x683.jpg\" alt=\"\" class=\"wp-image-803\" srcset=\"https:\/\/fam-home.com\/wp-content\/uploads\/2023\/01\/Byt-12-1024x683.jpg 1024w, https:\/\/fam-home.com\/wp-content\/uploads\/2023\/01\/Byt-12-scaled-600x400.jpg 600w, https:\/\/fam-home.com\/wp-content\/uploads\/2023\/01\/Byt-12-300x200.jpg 300w, https:\/\/fam-home.com\/wp-content\/uploads\/2023\/01\/Byt-12-768x512.jpg 768w, https:\/\/fam-home.com\/wp-content\/uploads\/2023\/01\/Byt-12-1536x1024.jpg 1536w, https:\/\/fam-home.com\/wp-content\/uploads\/2023\/01\/Byt-12-2048x1365.jpg 2048w\" sizes=\"auto, (max-width: 1024px) 100vw, 1024px\" \/><\/figure>\n\n\n\n<figure class=\"wp-block-image size-large\"><img loading=\"lazy\" decoding=\"async\" width=\"1024\" height=\"683\" data-id=\"802\" src=\"https:\/\/fam-home.com\/wp-content\/uploads\/2023\/01\/Byt-11-1024x683.jpg\" alt=\"\" class=\"wp-image-802\" srcset=\"https:\/\/fam-home.com\/wp-content\/uploads\/2023\/01\/Byt-11-1024x683.jpg 1024w, https:\/\/fam-home.com\/wp-content\/uploads\/2023\/01\/Byt-11-scaled-600x400.jpg 600w, https:\/\/fam-home.com\/wp-content\/uploads\/2023\/01\/Byt-11-300x200.jpg 300w, https:\/\/fam-home.com\/wp-content\/uploads\/2023\/01\/Byt-11-768x512.jpg 768w, https:\/\/fam-home.com\/wp-content\/uploads\/2023\/01\/Byt-11-1536x1024.jpg 1536w, https:\/\/fam-home.com\/wp-content\/uploads\/2023\/01\/Byt-11-2048x1365.jpg 2048w\" sizes=\"auto, (max-width: 1024px) 100vw, 1024px\" \/><\/figure>\n\n\n\n<figure class=\"wp-block-image size-large\"><img loading=\"lazy\" decoding=\"async\" width=\"1024\" height=\"683\" data-id=\"809\" src=\"https:\/\/fam-home.com\/wp-content\/uploads\/2023\/01\/Byt-20-1024x683.jpg\" alt=\"\" class=\"wp-image-809\" srcset=\"https:\/\/fam-home.com\/wp-content\/uploads\/2023\/01\/Byt-20-1024x683.jpg 1024w, https:\/\/fam-home.com\/wp-content\/uploads\/2023\/01\/Byt-20-scaled-600x400.jpg 600w, https:\/\/fam-home.com\/wp-content\/uploads\/2023\/01\/Byt-20-300x200.jpg 300w, https:\/\/fam-home.com\/wp-content\/uploads\/2023\/01\/Byt-20-768x512.jpg 768w, https:\/\/fam-home.com\/wp-content\/uploads\/2023\/01\/Byt-20-1536x1024.jpg 1536w, https:\/\/fam-home.com\/wp-content\/uploads\/2023\/01\/Byt-20-2048x1365.jpg 2048w\" sizes=\"auto, (max-width: 1024px) 100vw, 1024px\" \/><\/figure>\n\n\n\n<figure class=\"wp-block-image size-large\"><img loading=\"lazy\" decoding=\"async\" width=\"1024\" height=\"683\" data-id=\"811\" src=\"https:\/\/fam-home.com\/wp-content\/uploads\/2023\/01\/Byt-22-1024x683.jpg\" alt=\"\" class=\"wp-image-811\" srcset=\"https:\/\/fam-home.com\/wp-content\/uploads\/2023\/01\/Byt-22-1024x683.jpg 1024w, https:\/\/fam-home.com\/wp-content\/uploads\/2023\/01\/Byt-22-scaled-600x400.jpg 600w, https:\/\/fam-home.com\/wp-content\/uploads\/2023\/01\/Byt-22-300x200.jpg 300w, https:\/\/fam-home.com\/wp-content\/uploads\/2023\/01\/Byt-22-768x512.jpg 768w, https:\/\/fam-home.com\/wp-content\/uploads\/2023\/01\/Byt-22-1536x1024.jpg 1536w, https:\/\/fam-home.com\/wp-content\/uploads\/2023\/01\/Byt-22-2048x1365.jpg 2048w\" sizes=\"auto, (max-width: 1024px) 100vw, 1024px\" \/><\/figure>\n\n\n\n<figure class=\"wp-block-image size-large\"><img loading=\"lazy\" decoding=\"async\" width=\"1024\" height=\"683\" data-id=\"805\" src=\"https:\/\/fam-home.com\/wp-content\/uploads\/2023\/01\/Byt-16-1024x683.jpg\" alt=\"\" class=\"wp-image-805\" srcset=\"https:\/\/fam-home.com\/wp-content\/uploads\/2023\/01\/Byt-16-1024x683.jpg 1024w, https:\/\/fam-home.com\/wp-content\/uploads\/2023\/01\/Byt-16-scaled-600x400.jpg 600w, https:\/\/fam-home.com\/wp-content\/uploads\/2023\/01\/Byt-16-300x200.jpg 300w, https:\/\/fam-home.com\/wp-content\/uploads\/2023\/01\/Byt-16-768x512.jpg 768w, https:\/\/fam-home.com\/wp-content\/uploads\/2023\/01\/Byt-16-1536x1024.jpg 1536w, https:\/\/fam-home.com\/wp-content\/uploads\/2023\/01\/Byt-16-2048x1365.jpg 2048w\" sizes=\"auto, (max-width: 1024px) 100vw, 1024px\" \/><\/figure>\n\n\n\n<figure class=\"wp-block-image size-large\"><img loading=\"lazy\" decoding=\"async\" width=\"1024\" height=\"683\" data-id=\"806\" src=\"https:\/\/fam-home.com\/wp-content\/uploads\/2023\/01\/Byt-17-1024x683.jpg\" alt=\"\" class=\"wp-image-806\" srcset=\"https:\/\/fam-home.com\/wp-content\/uploads\/2023\/01\/Byt-17-1024x683.jpg 1024w, https:\/\/fam-home.com\/wp-content\/uploads\/2023\/01\/Byt-17-scaled-600x400.jpg 600w, https:\/\/fam-home.com\/wp-content\/uploads\/2023\/01\/Byt-17-300x200.jpg 300w, https:\/\/fam-home.com\/wp-content\/uploads\/2023\/01\/Byt-17-768x512.jpg 768w, https:\/\/fam-home.com\/wp-content\/uploads\/2023\/01\/Byt-17-1536x1024.jpg 1536w, https:\/\/fam-home.com\/wp-content\/uploads\/2023\/01\/Byt-17-2048x1365.jpg 2048w\" sizes=\"auto, (max-width: 1024px) 100vw, 1024px\" \/><\/figure>\n\n\n\n<figure class=\"wp-block-image size-large\"><img loading=\"lazy\" decoding=\"async\" width=\"1024\" height=\"683\" data-id=\"801\" src=\"https:\/\/fam-home.com\/wp-content\/uploads\/2023\/01\/Byt-10-1024x683.jpg\" alt=\"\" class=\"wp-image-801\" srcset=\"https:\/\/fam-home.com\/wp-content\/uploads\/2023\/01\/Byt-10-1024x683.jpg 1024w, https:\/\/fam-home.com\/wp-content\/uploads\/2023\/01\/Byt-10-scaled-600x400.jpg 600w, https:\/\/fam-home.com\/wp-content\/uploads\/2023\/01\/Byt-10-300x200.jpg 300w, https:\/\/fam-home.com\/wp-content\/uploads\/2023\/01\/Byt-10-768x512.jpg 768w, https:\/\/fam-home.com\/wp-content\/uploads\/2023\/01\/Byt-10-1536x1024.jpg 1536w, https:\/\/fam-home.com\/wp-content\/uploads\/2023\/01\/Byt-10-2048x1365.jpg 2048w\" sizes=\"auto, (max-width: 1024px) 100vw, 1024px\" \/><\/figure>\n\n\n\n<figure class=\"wp-block-image size-large\"><img loading=\"lazy\" decoding=\"async\" width=\"1024\" height=\"683\" data-id=\"812\" src=\"https:\/\/fam-home.com\/wp-content\/uploads\/2023\/01\/Byt-24-1024x683.jpg\" alt=\"\" class=\"wp-image-812\" srcset=\"https:\/\/fam-home.com\/wp-content\/uploads\/2023\/01\/Byt-24-1024x683.jpg 1024w, https:\/\/fam-home.com\/wp-content\/uploads\/2023\/01\/Byt-24-scaled-600x400.jpg 600w, https:\/\/fam-home.com\/wp-content\/uploads\/2023\/01\/Byt-24-300x200.jpg 300w, https:\/\/fam-home.com\/wp-content\/uploads\/2023\/01\/Byt-24-768x512.jpg 768w, https:\/\/fam-home.com\/wp-content\/uploads\/2023\/01\/Byt-24-1536x1024.jpg 1536w, https:\/\/fam-home.com\/wp-content\/uploads\/2023\/01\/Byt-24-2048x1365.jpg 2048w\" sizes=\"auto, (max-width: 1024px) 100vw, 1024px\" \/><\/figure>\n\n\n\n<figure class=\"wp-block-image size-large\"><img loading=\"lazy\" decoding=\"async\" width=\"1024\" height=\"683\" data-id=\"804\" src=\"https:\/\/fam-home.com\/wp-content\/uploads\/2023\/01\/Byt-27-1024x683.jpg\" alt=\"\" class=\"wp-image-804\" srcset=\"https:\/\/fam-home.com\/wp-content\/uploads\/2023\/01\/Byt-27-1024x683.jpg 1024w, https:\/\/fam-home.com\/wp-content\/uploads\/2023\/01\/Byt-27-scaled-600x400.jpg 600w, https:\/\/fam-home.com\/wp-content\/uploads\/2023\/01\/Byt-27-300x200.jpg 300w, https:\/\/fam-home.com\/wp-content\/uploads\/2023\/01\/Byt-27-768x512.jpg 768w, https:\/\/fam-home.com\/wp-content\/uploads\/2023\/01\/Byt-27-1536x1024.jpg 1536w, https:\/\/fam-home.com\/wp-content\/uploads\/2023\/01\/Byt-27-2048x1365.jpg 2048w\" sizes=\"auto, (max-width: 1024px) 100vw, 1024px\" \/><\/figure>\n\n\n\n<figure class=\"wp-block-image size-large\"><img loading=\"lazy\" decoding=\"async\" width=\"1024\" height=\"683\" data-id=\"813\" src=\"https:\/\/fam-home.com\/wp-content\/uploads\/2023\/01\/Byt-26-1024x683.jpg\" alt=\"\" class=\"wp-image-813\" srcset=\"https:\/\/fam-home.com\/wp-content\/uploads\/2023\/01\/Byt-26-1024x683.jpg 1024w, https:\/\/fam-home.com\/wp-content\/uploads\/2023\/01\/Byt-26-scaled-600x400.jpg 600w, https:\/\/fam-home.com\/wp-content\/uploads\/2023\/01\/Byt-26-300x200.jpg 300w, https:\/\/fam-home.com\/wp-content\/uploads\/2023\/01\/Byt-26-768x512.jpg 768w, https:\/\/fam-home.com\/wp-content\/uploads\/2023\/01\/Byt-26-1536x1024.jpg 1536w, https:\/\/fam-home.com\/wp-content\/uploads\/2023\/01\/Byt-26-2048x1365.jpg 2048w\" sizes=\"auto, (max-width: 1024px) 100vw, 1024px\" \/><\/figure>\n<\/figure>\n","protected":false},"excerpt":{"rendered":"<p>Modern apartment 300m from the beach in the heart of Hurghada Comfortable air-conditioned apartment with a bedroom, living room and fully equipped kitchen. Ide\u00e1ln\u00ed pro p\u00e1ry i s\u00f3lo cestovatele, jen p\u00e1r krok\u016f od Orange Beach, mariny a centra Hurghady. Comfortable air-conditioned apartment with a bedroom, living room and fully equipped kitchen. 300m To the beach [&hellip;]<\/p>\n","protected":false},"author":2,"featured_media":0,"parent":0,"menu_order":0,"comment_status":"closed","ping_status":"closed","template":"","meta":{"_monsterinsights_skip_tracking":false,"_monsterinsights_sitenote_active":false,"_monsterinsights_sitenote_note":"","_monsterinsights_sitenote_category":0,"footnotes":""},"class_list":["post-3210","page","type-page","status-publish","hentry"],"_links":{"self":[{"href":"https:\/\/fam-home.com\/en\/wp-json\/wp\/v2\/pages\/3210","targetHints":{"allow":["GET"]}}],"collection":[{"href":"https:\/\/fam-home.com\/en\/wp-json\/wp\/v2\/pages"}],"about":[{"href":"https:\/\/fam-home.com\/en\/wp-json\/wp\/v2\/types\/page"}],"author":[{"embeddable":true,"href":"https:\/\/fam-home.com\/en\/wp-json\/wp\/v2\/users\/2"}],"replies":[{"embeddable":true,"href":"https:\/\/fam-home.com\/en\/wp-json\/wp\/v2\/comments?post=3210"}],"version-history":[{"count":15,"href":"https:\/\/fam-home.com\/en\/wp-json\/wp\/v2\/pages\/3210\/revisions"}],"predecessor-version":[{"id":3267,"href":"https:\/\/fam-home.com\/en\/wp-json\/wp\/v2\/pages\/3210\/revisions\/3267"}],"wp:attachment":[{"href":"https:\/\/fam-home.com\/en\/wp-json\/wp\/v2\/media?parent=3210"}],"curies":[{"name":"wp","href":"https:\/\/api.w.org\/{rel}","templated":true}]}}